{"id":855,"date":"2026-01-08T04:26:26","date_gmt":"2026-01-08T04:26:26","guid":{"rendered":"https:\/\/herphelin.be\/?page_id=855"},"modified":"2026-04-13T19:49:56","modified_gmt":"2026-04-13T19:49:56","slug":"epandage-et-deneigement","status":"publish","type":"page","link":"https:\/\/herphelin.be\/nl\/realisations\/epandage-et-deneigement\/","title":{"rendered":"Sneeuwruimen en strooien van zout"},"content":{"rendered":"<div data-elementor-type=\"wp-page\" data-elementor-id=\"855\" class=\"elementor elementor-855\" data-elementor-post-type=\"page\">\n\t\t\t\t<div class=\"elementor-element elementor-element-d7aece8 e-flex e-con-boxed e-con e-parent\" data-id=\"d7aece8\" data-element_type=\"container\" data-e-type=\"container\" data-settings=\"{&quot;background_background&quot;:&quot;classic&quot;}\">\n\t\t\t\t\t<div class=\"e-con-inner\">\n\t\t\t\t<div class=\"elementor-element elementor-element-8b7ce8e elementor-widget elementor-widget-page-title\" data-id=\"8b7ce8e\" data-element_type=\"widget\" data-e-type=\"widget\" data-widget_type=\"page-title.default\">\n\t\t\t\t<div class=\"elementor-widget-container\">\n\t\t\t\t\t\t\t\n\t\t<div class=\"hfe-page-title hfe-page-title-wrapper elementor-widget-heading\">\n\n\t\t\t\t\t\t\t\t\t\t\t<a href=\"https:\/\/herphelin.be\/nl\">\n\t\t\t\t\t\t<h2 class=\"elementor-heading-title elementor-size-default\">\n\t\t\t\t\t\t\t\t\n\t\t\t\tSneeuwruimen en strooien van zout  \n\t\t\t<\/h2> \n\t\t\t\t\t\t\t\t\t<\/a>\n\t\t\t\t\t<\/div>\n\t\t\t\t\t\t<\/div>\n\t\t\t\t<\/div>\n\t\t\t\t\t<\/div>\n\t\t\t\t<\/div>\n\t\t<div class=\"elementor-element elementor-element-bc8aec4 e-flex e-con-boxed e-con e-parent\" data-id=\"bc8aec4\" data-element_type=\"container\" data-e-type=\"container\">\n\t\t\t\t\t<div class=\"e-con-inner\">\n\t\t\t\t<div class=\"elementor-element elementor-element-ee61c7a glr elementor-widget elementor-widget-mdp-galerie-elementor\" data-id=\"ee61c7a\" data-element_type=\"widget\" data-e-type=\"widget\" data-widget_type=\"mdp-galerie-elementor.default\">\n\t\t\t\t<div class=\"elementor-widget-container\">\n\t\t\t\t\t <!-- Start Galerie for Elementor WordPress Plugin -->\n                        <div class=\"mdp-galerie-elementor-box\" \n                        data-layout=\"grid\"\n                        data-image-animation=\"none\"\n                        data-filter-text-animation=\"none\"\n                        data-columns=\"3\" data-columns-mobile=\"1\" data-columns-tablet=\"2\" \n                        data-lazy-load=\"yes\"\n                        data-all-filter=\"\"\n                        >\n                            <div class=\"mdp-galerie-elementor-gallery-tabs\"><div class=\"mdp-galerie-elementor-filter-nav\">\n                      <div class=\"mdp-galerie-elementor-filter-nav-scroll mdp-galerie-elementor-filter-alignment-left\"><div data-index=\"0\" class=\"mdp-galerie-elementor-filter-item\"> <\/div><\/div>\n                    <\/div> <div class=\"mdp-galerie-elementor-content mdp-galerie-elementor-grid-layout\"><a data-filter=\"0\" class=\"mdp-galerie-elementor-gallery-image\" href=\"https:\/\/herphelin.be\/wp-content\/uploads\/2026\/01\/Screenshot_20260107_123846_Gallery.jpg\" data-elementor-open-lightbox=\"yes\">\n                              \n                              <img class=\"mdp-galerie-elementor-gallery-image-lazy\" data-src=\"https:\/\/herphelin.be\/wp-content\/uploads\/2026\/01\/Screenshot_20260107_123846_Gallery.jpg\">\n                            <\/a> <a data-filter=\"0\" class=\"mdp-galerie-elementor-gallery-image\" href=\"https:\/\/herphelin.be\/wp-content\/uploads\/2026\/01\/20240117_1404270-scaled.jpg\" data-elementor-open-lightbox=\"yes\">\n                              \n                              <img class=\"mdp-galerie-elementor-gallery-image-lazy\" data-src=\"https:\/\/herphelin.be\/wp-content\/uploads\/2026\/01\/20240117_1404270-scaled.jpg\">\n                            <\/a> <a data-filter=\"0\" class=\"mdp-galerie-elementor-gallery-image\" href=\"https:\/\/herphelin.be\/wp-content\/uploads\/2026\/01\/20260105_135842-scaled.jpg\" data-elementor-open-lightbox=\"yes\">\n                              \n                              <img class=\"mdp-galerie-elementor-gallery-image-lazy\" data-src=\"https:\/\/herphelin.be\/wp-content\/uploads\/2026\/01\/20260105_135842-scaled.jpg\">\n                            <\/a> <a data-filter=\"0\" class=\"mdp-galerie-elementor-gallery-image\" href=\"https:\/\/herphelin.be\/wp-content\/uploads\/2026\/01\/20260106_204121-scaled.jpg\" data-elementor-open-lightbox=\"yes\">\n                              \n                              <img class=\"mdp-galerie-elementor-gallery-image-lazy\" data-src=\"https:\/\/herphelin.be\/wp-content\/uploads\/2026\/01\/20260106_204121-scaled.jpg\">\n                            <\/a> <a data-filter=\"0\" class=\"mdp-galerie-elementor-gallery-image\" href=\"https:\/\/herphelin.be\/wp-content\/uploads\/2026\/01\/Messenger_creation_61257AE2-D03A-4982-945B-A9AD262246D7.jpeg\" data-elementor-open-lightbox=\"yes\">\n                              \n                              <img class=\"mdp-galerie-elementor-gallery-image-lazy\" data-src=\"https:\/\/herphelin.be\/wp-content\/uploads\/2026\/01\/Messenger_creation_61257AE2-D03A-4982-945B-A9AD262246D7.jpeg\">\n                            <\/a><\/div><\/div>\n                        <\/div>\n                        <!-- End Galerie for Elementor WordPress Plugin -->\t\t\t\t<\/div>\n\t\t\t\t<\/div>\n\t\t\t\t<div class=\"elementor-element elementor-element-70c87f7 elementor-align-center elementor-widget elementor-widget-button\" data-id=\"70c87f7\" data-element_type=\"widget\" data-e-type=\"widget\" data-widget_type=\"button.default\">\n\t\t\t\t<div class=\"elementor-widget-container\">\n\t\t\t\t\t\t\t\t\t<div class=\"elementor-button-wrapper\">\n\t\t\t\t\t<a class=\"elementor-button elementor-button-link elementor-size-sm\" href=\"https:\/\/herphelin.be\/nl\/realisations\/\">\n\t\t\t\t\t\t<span class=\"elementor-button-content-wrapper\">\n\t\t\t\t\t\t\t\t\t<span class=\"elementor-button-text\">Retour aux r\u00e9alisations<\/span>\n\t\t\t\t\t<\/span>\n\t\t\t\t\t<\/a>\n\t\t\t\t<\/div>\n\t\t\t\t\t\t\t\t<\/div>\n\t\t\t\t<\/div>\n\t\t\t\t\t<\/div>\n\t\t\t\t<\/div>\n\t\t<div class=\"elementor-element elementor-element-2be4784 e-flex e-con-boxed e-con e-parent\" data-id=\"2be4784\" data-element_type=\"container\" data-e-type=\"container\" data-settings=\"{&quot;background_background&quot;:&quot;classic&quot;}\">\n\t\t\t\t\t<div class=\"e-con-inner\">\n\t\t<div class=\"elementor-element elementor-element-99d3c79 e-con-full e-flex e-con e-child\" data-id=\"99d3c79\" data-element_type=\"container\" data-e-type=\"container\">\n\t\t\t\t<div class=\"elementor-element elementor-element-a287702 elementor-widget elementor-widget-heading\" data-id=\"a287702\" data-element_type=\"widget\" data-e-type=\"widget\" data-widget_type=\"heading.default\">\n\t\t\t\t<div class=\"elementor-widget-container\">\n\t\t\t\t\t<h2 class=\"elementor-heading-title elementor-size-default\">BEHOEFTE AAN EEN BEDRIJF\n<\/h2>\t\t\t\t<\/div>\n\t\t\t\t<\/div>\n\t\t\t\t<div class=\"elementor-element elementor-element-8852ab6 elementor-widget elementor-widget-heading\" data-id=\"8852ab6\" data-element_type=\"widget\" data-e-type=\"widget\" data-widget_type=\"heading.default\">\n\t\t\t\t<div class=\"elementor-widget-container\">\n\t\t\t\t\t<h2 class=\"elementor-heading-title elementor-size-default\">VOOR BEWEGWIJZERING EN\/OF MARKERINGWERKEN?\n\n<\/h2>\t\t\t\t<\/div>\n\t\t\t\t<\/div>\n\t\t\t\t<\/div>\n\t\t\t\t<div class=\"elementor-element elementor-element-a0dd4f1 elementor-widget elementor-widget-button\" data-id=\"a0dd4f1\" data-element_type=\"widget\" data-e-type=\"widget\" data-widget_type=\"button.default\">\n\t\t\t\t<div class=\"elementor-widget-container\">\n\t\t\t\t\t\t\t\t\t<div class=\"elementor-button-wrapper\">\n\t\t\t\t\t<a class=\"elementor-button elementor-button-link elementor-size-sm\" href=\"https:\/\/herphelin.be\/nl\/contact\/\">\n\t\t\t\t\t\t<span class=\"elementor-button-content-wrapper\">\n\t\t\t\t\t\t\t\t\t<span class=\"elementor-button-text\">Contacteer ons<\/span>\n\t\t\t\t\t<\/span>\n\t\t\t\t\t<\/a>\n\t\t\t\t<\/div>\n\t\t\t\t\t\t\t\t<\/div>\n\t\t\t\t<\/div>\n\t\t\t\t\t<\/div>\n\t\t\t\t<\/div>\n\t\t\t\t<\/div>","protected":false},"excerpt":{"rendered":"<p>\u00c9pandage et d\u00e9neigement Retour aux r\u00e9alisations BESOIN D\u2019UNE ENTREPRISE DE TRAVAUX DE SIGNALISATION ET DE MARQUAGE ? Contactez-nous<\/p>","protected":false},"author":4,"featured_media":0,"parent":19,"menu_order":0,"comment_status":"closed","ping_status":"closed","template":"elementor_header_footer","meta":{"footnotes":""},"class_list":["post-855","page","type-page","status-publish","hentry"],"yoast_head":"<!-- This site is optimized with the Yoast SEO plugin v27.3 - https:\/\/yoast.com\/product\/yoast-seo-wordpress\/ -->\n<title>\u00c9pandage et d\u00e9neigement | Entreprise de marquage et signalisation Pecq<\/title>\n<meta name=\"robots\" content=\"index, follow, max-snippet:-1, max-image-preview:large, max-video-preview:-1\" \/>\n<link rel=\"canonical\" href=\"https:\/\/herphelin.be\/nl\/realisations\/epandage-et-deneigement\/\" \/>\n<meta property=\"og:locale\" content=\"nl_BE\" \/>\n<meta property=\"og:type\" content=\"article\" \/>\n<meta property=\"og:title\" content=\"\u00c9pandage et d\u00e9neigement | Entreprise de marquage et signalisation Pecq\" \/>\n<meta property=\"og:description\" content=\"\u00c9pandage et d\u00e9neigement Retour aux r\u00e9alisations BESOIN D\u2019UNE ENTREPRISE DE TRAVAUX DE SIGNALISATION ET DE MARQUAGE ? Contactez-nous\" \/>\n<meta property=\"og:url\" content=\"https:\/\/herphelin.be\/nl\/realisations\/epandage-et-deneigement\/\" \/>\n<meta property=\"og:site_name\" content=\"Herphelin\" \/>\n<meta property=\"article:modified_time\" content=\"2026-04-13T19:49:56+00:00\" \/>\n<meta name=\"twitter:card\" content=\"summary_large_image\" \/>\n<meta name=\"twitter:label1\" content=\"Geschatte leestijd\" \/>\n\t<meta name=\"twitter:data1\" content=\"2 minuten\" \/>\n<script type=\"application\/ld+json\" class=\"yoast-schema-graph\">{\"@context\":\"https:\\\/\\\/schema.org\",\"@graph\":[{\"@type\":\"WebPage\",\"@id\":\"https:\\\/\\\/herphelin.be\\\/realisations\\\/epandage-et-deneigement\\\/\",\"url\":\"https:\\\/\\\/herphelin.be\\\/realisations\\\/epandage-et-deneigement\\\/\",\"name\":\"\u00c9pandage et d\u00e9neigement | Entreprise de marquage et signalisation Pecq\",\"isPartOf\":{\"@id\":\"https:\\\/\\\/herphelin.be\\\/#website\"},\"datePublished\":\"2026-01-08T04:26:26+00:00\",\"dateModified\":\"2026-04-13T19:49:56+00:00\",\"breadcrumb\":{\"@id\":\"https:\\\/\\\/herphelin.be\\\/realisations\\\/epandage-et-deneigement\\\/#breadcrumb\"},\"inLanguage\":\"nl-BE\",\"potentialAction\":[{\"@type\":\"ReadAction\",\"target\":[\"https:\\\/\\\/herphelin.be\\\/realisations\\\/epandage-et-deneigement\\\/\"]}]},{\"@type\":\"BreadcrumbList\",\"@id\":\"https:\\\/\\\/herphelin.be\\\/realisations\\\/epandage-et-deneigement\\\/#breadcrumb\",\"itemListElement\":[{\"@type\":\"ListItem\",\"position\":1,\"name\":\"Accueil\",\"item\":\"https:\\\/\\\/herphelin.be\\\/\"},{\"@type\":\"ListItem\",\"position\":2,\"name\":\"R\u00e9alisations\",\"item\":\"https:\\\/\\\/herphelin.be\\\/realisations\\\/\"},{\"@type\":\"ListItem\",\"position\":3,\"name\":\"\u00c9pandage et d\u00e9neigement\"}]},{\"@type\":\"WebSite\",\"@id\":\"https:\\\/\\\/herphelin.be\\\/#website\",\"url\":\"https:\\\/\\\/herphelin.be\\\/\",\"name\":\"Herphelin\",\"description\":\"Entreprise de marquage et signalisation\",\"publisher\":{\"@id\":\"https:\\\/\\\/herphelin.be\\\/#organization\"},\"potentialAction\":[{\"@type\":\"SearchAction\",\"target\":{\"@type\":\"EntryPoint\",\"urlTemplate\":\"https:\\\/\\\/herphelin.be\\\/?s={search_term_string}\"},\"query-input\":{\"@type\":\"PropertyValueSpecification\",\"valueRequired\":true,\"valueName\":\"search_term_string\"}}],\"inLanguage\":\"nl-BE\"},{\"@type\":\"Organization\",\"@id\":\"https:\\\/\\\/herphelin.be\\\/#organization\",\"name\":\"Herphelin\",\"url\":\"https:\\\/\\\/herphelin.be\\\/\",\"logo\":{\"@type\":\"ImageObject\",\"inLanguage\":\"nl-BE\",\"@id\":\"https:\\\/\\\/herphelin.be\\\/#\\\/schema\\\/logo\\\/image\\\/\",\"url\":\"https:\\\/\\\/herphelin.be\\\/wp-content\\\/uploads\\\/2024\\\/08\\\/LOGO-HERPHELIN-COULEUR-2.jpg\",\"contentUrl\":\"https:\\\/\\\/herphelin.be\\\/wp-content\\\/uploads\\\/2024\\\/08\\\/LOGO-HERPHELIN-COULEUR-2.jpg\",\"width\":1500,\"height\":591,\"caption\":\"Herphelin\"},\"image\":{\"@id\":\"https:\\\/\\\/herphelin.be\\\/#\\\/schema\\\/logo\\\/image\\\/\"}}]}<\/script>\n<!-- \/ Yoast SEO plugin. -->","yoast_head_json":{"title":"\u00c9pandage et d\u00e9neigement | Entreprise de marquage et signalisation Pecq","robots":{"index":"index","follow":"follow","max-snippet":"max-snippet:-1","max-image-preview":"max-image-preview:large","max-video-preview":"max-video-preview:-1"},"canonical":"https:\/\/herphelin.be\/nl\/realisations\/epandage-et-deneigement\/","og_locale":"nl_BE","og_type":"article","og_title":"\u00c9pandage et d\u00e9neigement | Entreprise de marquage et signalisation Pecq","og_description":"\u00c9pandage et d\u00e9neigement Retour aux r\u00e9alisations BESOIN D\u2019UNE ENTREPRISE DE TRAVAUX DE SIGNALISATION ET DE MARQUAGE ? Contactez-nous","og_url":"https:\/\/herphelin.be\/nl\/realisations\/epandage-et-deneigement\/","og_site_name":"Herphelin","article_modified_time":"2026-04-13T19:49:56+00:00","twitter_card":"summary_large_image","twitter_misc":{"Geschatte leestijd":"2 minuten"},"schema":{"@context":"https:\/\/schema.org","@graph":[{"@type":"WebPage","@id":"https:\/\/herphelin.be\/realisations\/epandage-et-deneigement\/","url":"https:\/\/herphelin.be\/realisations\/epandage-et-deneigement\/","name":"\u00c9pandage et d\u00e9neigement | Entreprise de marquage et signalisation Pecq","isPartOf":{"@id":"https:\/\/herphelin.be\/#website"},"datePublished":"2026-01-08T04:26:26+00:00","dateModified":"2026-04-13T19:49:56+00:00","breadcrumb":{"@id":"https:\/\/herphelin.be\/realisations\/epandage-et-deneigement\/#breadcrumb"},"inLanguage":"nl-BE","potentialAction":[{"@type":"ReadAction","target":["https:\/\/herphelin.be\/realisations\/epandage-et-deneigement\/"]}]},{"@type":"BreadcrumbList","@id":"https:\/\/herphelin.be\/realisations\/epandage-et-deneigement\/#breadcrumb","itemListElement":[{"@type":"ListItem","position":1,"name":"Accueil","item":"https:\/\/herphelin.be\/"},{"@type":"ListItem","position":2,"name":"R\u00e9alisations","item":"https:\/\/herphelin.be\/realisations\/"},{"@type":"ListItem","position":3,"name":"\u00c9pandage et d\u00e9neigement"}]},{"@type":"WebSite","@id":"https:\/\/herphelin.be\/#website","url":"https:\/\/herphelin.be\/","name":"Herphelin","description":"Entreprise de marquage et signalisation","publisher":{"@id":"https:\/\/herphelin.be\/#organization"},"potentialAction":[{"@type":"SearchAction","target":{"@type":"EntryPoint","urlTemplate":"https:\/\/herphelin.be\/?s={search_term_string}"},"query-input":{"@type":"PropertyValueSpecification","valueRequired":true,"valueName":"search_term_string"}}],"inLanguage":"nl-BE"},{"@type":"Organization","@id":"https:\/\/herphelin.be\/#organization","name":"Herphelin","url":"https:\/\/herphelin.be\/","logo":{"@type":"ImageObject","inLanguage":"nl-BE","@id":"https:\/\/herphelin.be\/#\/schema\/logo\/image\/","url":"https:\/\/herphelin.be\/wp-content\/uploads\/2024\/08\/LOGO-HERPHELIN-COULEUR-2.jpg","contentUrl":"https:\/\/herphelin.be\/wp-content\/uploads\/2024\/08\/LOGO-HERPHELIN-COULEUR-2.jpg","width":1500,"height":591,"caption":"Herphelin"},"image":{"@id":"https:\/\/herphelin.be\/#\/schema\/logo\/image\/"}}]}},"_links":{"self":[{"href":"https:\/\/herphelin.be\/nl\/wp-json\/wp\/v2\/pages\/855","targetHints":{"allow":["GET"]}}],"collection":[{"href":"https:\/\/herphelin.be\/nl\/wp-json\/wp\/v2\/pages"}],"about":[{"href":"https:\/\/herphelin.be\/nl\/wp-json\/wp\/v2\/types\/page"}],"author":[{"embeddable":true,"href":"https:\/\/herphelin.be\/nl\/wp-json\/wp\/v2\/users\/4"}],"replies":[{"embeddable":true,"href":"https:\/\/herphelin.be\/nl\/wp-json\/wp\/v2\/comments?post=855"}],"version-history":[{"count":6,"href":"https:\/\/herphelin.be\/nl\/wp-json\/wp\/v2\/pages\/855\/revisions"}],"predecessor-version":[{"id":866,"href":"https:\/\/herphelin.be\/nl\/wp-json\/wp\/v2\/pages\/855\/revisions\/866"}],"up":[{"embeddable":true,"href":"https:\/\/herphelin.be\/nl\/wp-json\/wp\/v2\/pages\/19"}],"wp:attachment":[{"href":"https:\/\/herphelin.be\/nl\/wp-json\/wp\/v2\/media?parent=855"}],"curies":[{"name":"wp","href":"https:\/\/api.w.org\/{rel}","templated":true}]}}